{"id":10,"date":"2022-10-26T06:41:31","date_gmt":"2022-10-26T06:41:31","guid":{"rendered":"https:\/\/corner2.zeus.umh.es\/presentacion\/"},"modified":"2025-05-22T12:50:51","modified_gmt":"2025-05-22T10:50:51","slug":"presentacion","status":"publish","type":"page","link":"https:\/\/corner2.umh.es\/ca\/presentacion\/","title":{"rendered":"Presentaci\u00f3"},"content":{"rendered":"<p>La c\u00f2rnia \u00e9s un dels teixits m\u00e9s densament innervats del cos. Al costat de la seua funci\u00f3 sensorial, els seus nervis contribueixen a l&#8217;estat tr\u00f2fic del teixit corneal. Aix\u00ed, la denervaci\u00f3 corneal, accidental o per malaltia, compromet la integritat tissular provocant queratitis neuroparal\u00edtica (condici\u00f3 cl\u00ednica amb \u00falceres espont\u00e0nies, dolor ocular i fins i tot ceguesa per p\u00e8rdua de transpar\u00e8ncia corneal).<\/p>\n<p>Els axons sensorials miel\u00ednics perden les beines de mielina en penetrar a l&#8217;estroma corneal, continuant com axons no mielinitzats per permetre la transpar\u00e8ncia de la c\u00f2rnia. Encara que no estan mielinitzats, els axons estromals estan coberts per c\u00e8l\u00b7lules de Schwann, que tenen un efecte neurotr\u00f2fic exercit per factors de creixement. En aquest projecte estudiem el paper de les c\u00e8l\u00b7lules de Schwann (CS) corneals a la reinnervaci\u00f3 despr\u00e9s d&#8217;una lesi\u00f3 de la c\u00f2rnia. Emprarem diversos ratolins modificats gen\u00e8ticament generats al nostre anterior projecte CORNER (PROMETEO\/2018\/114), en els quals es marquen amb diferents prote\u00efnes fluorescents les CS i els nervis corneals, i que permeten l&#8217;eliminaci\u00f3 selectiva de les CS en animals adults.<\/p>\n<p>Com a resultat del projecte CORNER identificaren un nou tipus de CS a l&#8217;estroma corneal. Aquestes c\u00e8l\u00b7lules no estan alineades amb els axons ni tenen un contacte f\u00edsic evident amb ells. Al projecte CORNER2 determinarem, mitjan\u00e7ant l&#8217;\u00fas de tecnologies NGS, el patr\u00f3 d&#8217;expressi\u00f3 g\u00e8nica que caracteritza aquestes CS corneals no associades axons i explorarem la seua contribuci\u00f3 a la transducci\u00f3 nociceptiva i la sensaci\u00f3 de dolor a la superf\u00edcie de l&#8217;ull.<\/p>\n<p>A m\u00e9s, determinarem el paper de les CS en l&#8217;estructura i la funci\u00f3 de la innervaci\u00f3 de la c\u00f2rnia humana. Caracteritzarem la distribuci\u00f3 i densitat dels nervis corneals mitjan\u00e7ant microsc\u00f2pia confocal in vivo i explorarem la sensibilitat corneal, mitjan\u00e7ant un estesi\u00f2metre de gas, en pacients amb malaltia de Charcot-Marie-Tooth tipus 1 (CMT1), que presenten mutacions que alteren la biologia de les CS. Aix\u00f2 ens permetr\u00e0, a m\u00e9s, identificar possibles alteracions a persones no simptom\u00e0tiques portadores de mutacions.<\/p>\n<p>Els resultats de CORNER2 definiran amb precisi\u00f3 les interaccions neuroglials i els seus efectes sobre la capacitat de reinnervaci\u00f3 corneal. Tamb\u00e9 ajudar\u00e0 a comprendre l&#8217;impacte que les mutacions de CMT1, que alteren la funci\u00f3 de les c\u00e8l\u00b7lules de Schwann, tenen sobre els nervis perif\u00e8rics, permetent identificar els defectes neurals en estadis subcl\u00ednics i, en conseq\u00fc\u00e8ncia, l&#8217;establiment d&#8217;un diagn\u00f2stic preco\u00e7 i la posada en marxa de tractament preventiu en persones portadores de mutacions de CMT1 no simptom\u00e0tiques.<\/p>\n<p><img loading=\"lazy\" class=\" wp-image-155 alignleft\" src=\"https:\/\/corner2.umh.es\/files\/2025\/05\/Conselleria-de-Educacion-Cultura-Universidades-y-Empleo-CMYK-1-300x155.png\" alt=\"\" width=\"219\" height=\"113\" srcset=\"https:\/\/corner2.umh.es\/files\/2025\/05\/Conselleria-de-Educacion-Cultura-Universidades-y-Empleo-CMYK-1-300x155.png 300w, https:\/\/corner2.umh.es\/files\/2025\/05\/Conselleria-de-Educacion-Cultura-Universidades-y-Empleo-CMYK-1-1024x528.png 1024w, https:\/\/corner2.umh.es\/files\/2025\/05\/Conselleria-de-Educacion-Cultura-Universidades-y-Empleo-CMYK-1-768x396.png 768w, https:\/\/corner2.umh.es\/files\/2025\/05\/Conselleria-de-Educacion-Cultura-Universidades-y-Empleo-CMYK-1.png 1369w\" sizes=\"(max-width: 219px) 100vw, 219px\" \/><\/p>\n<p>&nbsp;<\/p>\n<h5 style=\"text-align: left\">CORNER2 \u00e9s un projecte PROMETEO finan\u00e7at per la Conselleria d&#8217;Educaci\u00f3, Cultura, Universitat i Ocupaci\u00f3 de la Generalitat Valenciana<\/h5>\n<p><\/p>","protected":false},"excerpt":{"rendered":"<p>P\u00e1gina de presentaci\u00f3n de la unidad organizativa<\/p>\n","protected":false},"author":1,"featured_media":0,"parent":0,"menu_order":0,"comment_status":"closed","ping_status":"open","template":"","meta":{"_links_to":"","_links_to_target":""},"_links":{"self":[{"href":"https:\/\/corner2.umh.es\/ca\/wp-json\/wp\/v2\/pages\/10"}],"collection":[{"href":"https:\/\/corner2.umh.es\/ca\/wp-json\/wp\/v2\/pages"}],"about":[{"href":"https:\/\/corner2.umh.es\/ca\/wp-json\/wp\/v2\/types\/page"}],"author":[{"embeddable":true,"href":"https:\/\/corner2.umh.es\/ca\/wp-json\/wp\/v2\/users\/1"}],"replies":[{"embeddable":true,"href":"https:\/\/corner2.umh.es\/ca\/wp-json\/wp\/v2\/comments?post=10"}],"version-history":[{"count":0,"href":"https:\/\/corner2.umh.es\/ca\/wp-json\/wp\/v2\/pages\/10\/revisions"}],"wp:attachment":[{"href":"https:\/\/corner2.umh.es\/ca\/wp-json\/wp\/v2\/media?parent=10"}],"curies":[{"name":"wp","href":"https:\/\/api.w.org\/{rel}","templated":true}]}}