{"id":45,"date":"2023-02-01T14:13:52","date_gmt":"2023-02-01T13:13:52","guid":{"rendered":"https:\/\/corner2.umh.es\/?page_id=45"},"modified":"2024-02-07T18:09:18","modified_gmt":"2024-02-07T17:09:18","slug":"personal","status":"publish","type":"page","link":"https:\/\/corner2.umh.es\/en\/personal\/","title":{"rendered":"Personnel"},"content":{"rendered":"<p><strong>Senior researchers:<\/strong><\/p>\n<p>Juana Gallar, R4, PI<\/p>\n<p>M\u00aa del Carmen Acosta, R4<\/p>\n<p>Hugo Cabedo, R4<\/p>\n<p>Carmina Diaz, R3<\/p>\n<p>Victor Meseguer, R3<\/p>\n<p>Cruz Morenilla, R2<\/p>\n<p>&nbsp;<\/p>\n<p><strong>Researchers:<\/strong><\/p>\n<p>David Ares Suarez, R1<\/p>\n<p>\u00c1ngeles Casillas Bajo, technician<\/p>\n<p>Andr\u00e9s A.E. Fuentes Flores, R2<\/p>\n<p>Jos\u00e9 A. G\u00f3mez S\u00e1nchez, R2 (participant until December 2022)<\/p>","protected":false},"excerpt":{"rendered":"<p>Senior researchers:<br \/>\nJuana Gallar, R4, PI<br \/>\nM\u00aa del Carmen Acosta, R4<br \/>\nHugo Cabedo, R4<br \/>\nCarmina Diaz, R3<br \/>\nVictor Meseguer, R3<br \/>\nCruz Morenilla, R2<br \/>\n&nbsp;<br \/>\nResearchers:<br \/>\nDavid Ares Suarez, R1<br \/>\n\u00c1ngeles Casillas Bajo, technician<br \/>\nAndr\u00e9s A.E. Fuentes Flores, R2<br \/>\nJos\u00e9 A. G\u00f3mez S\u00e1nchez, R2 (participant until December 2022)<\/p>\n","protected":false},"author":435,"featured_media":0,"parent":0,"menu_order":0,"comment_status":"closed","ping_status":"closed","template":"","meta":{"_links_to":"","_links_to_target":""},"_links":{"self":[{"href":"https:\/\/corner2.umh.es\/en\/wp-json\/wp\/v2\/pages\/45"}],"collection":[{"href":"https:\/\/corner2.umh.es\/en\/wp-json\/wp\/v2\/pages"}],"about":[{"href":"https:\/\/corner2.umh.es\/en\/wp-json\/wp\/v2\/types\/page"}],"author":[{"embeddable":true,"href":"https:\/\/corner2.umh.es\/en\/wp-json\/wp\/v2\/users\/435"}],"replies":[{"embeddable":true,"href":"https:\/\/corner2.umh.es\/en\/wp-json\/wp\/v2\/comments?post=45"}],"version-history":[{"count":0,"href":"https:\/\/corner2.umh.es\/en\/wp-json\/wp\/v2\/pages\/45\/revisions"}],"wp:attachment":[{"href":"https:\/\/corner2.umh.es\/en\/wp-json\/wp\/v2\/media?parent=45"}],"curies":[{"name":"wp","href":"https:\/\/api.w.org\/{rel}","templated":true}]}}